{"id":178,"date":"2019-11-27T00:21:14","date_gmt":"2019-11-26T23:21:14","guid":{"rendered":"https:\/\/www.roessler-recht.at\/wp_test\/?page_id=178"},"modified":"2020-03-06T09:27:10","modified_gmt":"2020-03-06T08:27:10","slug":"ueber-uns","status":"publish","type":"page","link":"https:\/\/www.roessler-recht.at\/wp_test\/?page_id=178","title":{"rendered":"\u00dcber uns"},"content":{"rendered":"<p><span style=\"font-size: 14pt;\"><em>&#8222;Unsere Philsophie ist es, Sie bei Ihren rechtlichen Anliegen im privaten und betrieblichen Bereich optimal zu vertreten. <\/em><\/span><\/p>\n<p><span style=\"font-size: 14pt;\"><em>Unter einer optimalen Rechtsvertretung verstehen wir die fachlich bew\u00e4hrte L\u00f6sung der Rechtsfrage in Verbindung mit einer profunden Einsch\u00e4tzung des gegebenen Lebenssachverhaltes durch uns als Rechtsanw\u00e4lte mit jeweils mehr als 20 Jahren Berufserfahrung. <\/em><\/span><\/p>\n<p><span style=\"font-size: 14pt;\"><em>Wir kl\u00e4ren Sie realistisch und aufrichtig \u00fcber Chancen und Risken bei der Durchsetzung Ihres Rechtsstandpunktes auf. Bei der hierzu erforderlichen Entwicklung der passenden Strategie betreuen wir Sie pers\u00f6nlich und individuell.&#8220;<\/em><\/span><\/p>\n<p>\u00a0<\/p>\n\n\n<div class=\"wp-block-image\"><figure class=\"aligncenter size-large is-resized\"><img loading=\"lazy\" decoding=\"async\" src=\"https:\/\/www.roessler-recht.at\/wp_test\/wp-content\/uploads\/2020\/02\/PA118481-1024x768.jpg\" alt=\"\" class=\"wp-image-410\" width=\"616\" height=\"462\" srcset=\"https:\/\/www.roessler-recht.at\/wp_test\/wp-content\/uploads\/2020\/02\/PA118481-1024x768.jpg 1024w, https:\/\/www.roessler-recht.at\/wp_test\/wp-content\/uploads\/2020\/02\/PA118481-300x225.jpg 300w, https:\/\/www.roessler-recht.at\/wp_test\/wp-content\/uploads\/2020\/02\/PA118481-768x576.jpg 768w, https:\/\/www.roessler-recht.at\/wp_test\/wp-content\/uploads\/2020\/02\/PA118481-1536x1152.jpg 1536w, https:\/\/www.roessler-recht.at\/wp_test\/wp-content\/uploads\/2020\/02\/PA118481-2048x1536.jpg 2048w, https:\/\/www.roessler-recht.at\/wp_test\/wp-content\/uploads\/2020\/02\/PA118481-380x285.jpg 380w, https:\/\/www.roessler-recht.at\/wp_test\/wp-content\/uploads\/2020\/02\/PA118481-285x214.jpg 285w\" sizes=\"auto, (max-width: 616px) 100vw, 616px\" \/><\/figure><\/div>\n","protected":false},"excerpt":{"rendered":"<p>&#8222;Unsere Philsophie ist es, Sie bei Ihren rechtlichen Anliegen im privaten und betrieblichen Bereich optimal zu vertreten. Unter einer optimalen Rechtsvertretung verstehen wir die fachlich bew\u00e4hrte L\u00f6sung der Rechtsfrage in Verbindung mit einer profunden Einsch\u00e4tzung des gegebenen Lebenssachverhaltes durch uns als Rechtsanw\u00e4lte mit jeweils mehr als 20 Jahren Berufserfahrung. Wir kl\u00e4ren Sie realistisch und aufrichtig&hellip;<\/p>\n<p class=\"more-link\"><a href=\"https:\/\/www.roessler-recht.at\/wp_test\/?page_id=178\" class=\"themebutton2\">Read More<\/a><\/p>\n","protected":false},"author":1,"featured_media":0,"parent":0,"menu_order":0,"comment_status":"closed","ping_status":"closed","template":"","meta":{"footnotes":""},"categories":[1],"tags":[],"class_list":["post-178","page","type-page","status-publish","hentry","category-allgemein"],"_links":{"self":[{"href":"https:\/\/www.roessler-recht.at\/wp_test\/index.php?rest_route=\/wp\/v2\/pages\/178","targetHints":{"allow":["GET"]}}],"collection":[{"href":"https:\/\/www.roessler-recht.at\/wp_test\/index.php?rest_route=\/wp\/v2\/pages"}],"about":[{"href":"https:\/\/www.roessler-recht.at\/wp_test\/index.php?rest_route=\/wp\/v2\/types\/page"}],"author":[{"embeddable":true,"href":"https:\/\/www.roessler-recht.at\/wp_test\/index.php?rest_route=\/wp\/v2\/users\/1"}],"replies":[{"embeddable":true,"href":"https:\/\/www.roessler-recht.at\/wp_test\/index.php?rest_route=%2Fwp%2Fv2%2Fcomments&post=178"}],"version-history":[{"count":19,"href":"https:\/\/www.roessler-recht.at\/wp_test\/index.php?rest_route=\/wp\/v2\/pages\/178\/revisions"}],"predecessor-version":[{"id":425,"href":"https:\/\/www.roessler-recht.at\/wp_test\/index.php?rest_route=\/wp\/v2\/pages\/178\/revisions\/425"}],"wp:attachment":[{"href":"https:\/\/www.roessler-recht.at\/wp_test\/index.php?rest_route=%2Fwp%2Fv2%2Fmedia&parent=178"}],"wp:term":[{"taxonomy":"category","embeddable":true,"href":"https:\/\/www.roessler-recht.at\/wp_test\/index.php?rest_route=%2Fwp%2Fv2%2Fcategories&post=178"},{"taxonomy":"post_tag","embeddable":true,"href":"https:\/\/www.roessler-recht.at\/wp_test\/index.php?rest_route=%2Fwp%2Fv2%2Ftags&post=178"}],"curies":[{"name":"wp","href":"https:\/\/api.w.org\/{rel}","templated":true}]}}