{"id":190,"date":"2019-11-27T00:45:48","date_gmt":"2019-11-26T23:45:48","guid":{"rendered":"https:\/\/www.roessler-recht.at\/wp_test\/?page_id=190"},"modified":"2024-08-21T18:49:50","modified_gmt":"2024-08-21T16:49:50","slug":"impressum","status":"publish","type":"page","link":"https:\/\/www.roessler-recht.at\/wp_test\/?page_id=190","title":{"rendered":"Impressum"},"content":{"rendered":"\n<pre class=\"wp-block-preformatted\"><strong>Impressum allgemeine Informationen nach \u00a7 5 Abs. 1 E-Commerce Gesetz<\/strong> <strong>(ECG) <\/strong>\n\nMag. Sylvia R\u00f6\u00dfler \nMag. Oliver R\u00f6\u00dfler \nSelbst\u00e4ndige Rechtsanw\u00e4lte in Kooperation \n\nHauptplatz 21 \n2700 Wiener Neustadt \n\nT: +43 (0) 2622\/ 25211 \nkanzlei@roessler-recht.at \nwww.roessler-recht.at\n\nMag. Sylvia R\u00f6\u00dfler UID: ATU 57333816 \nMag. Oliver R\u00f6\u00dfler UID: ATU 55617906 \n\nAufsichtsbeh\u00f6rde Rechtsanwaltskammer Nieder\u00f6sterreich \nAndreas-Hofer-Stra\u00dfe 6, 3100 St. P\u00f6lten Berufsrechtlich\n\nVorschriften \nRechtsanwaltsordnung (RAO) \nBundesgesetz \u00fcber den freien Dienstleistungsverkehr und die Niederlassung von europ\u00e4ischen Rechtsanw\u00e4lten in \u00d6sterreich (EuRAG) \nDisziplinarstatut f\u00fcr Rechtsanw\u00e4lte und Rechtsanwaltsanw\u00e4rter (DSt)\nRichtlinien f\u00fcr die Aus\u00fcbung des Rechtsanwaltsberufes, f\u00fcr die \u00dcberwachung der Pflichten des Rechtsanwaltes und f\u00fcr die Ausbildung der Rechtsanwaltsanw\u00e4rter (RL-BA) \nRechtsanwaltspr\u00fcfungsgesetz (RAPG) \nRechtsanwaltstarifgesetz (RATG) \nAutonome Honorar-Richtlinien (AHR) \nRichtlinie f\u00fcr die Vergabe von Standesauszeichnungen (Ehrenzeichen-RL) \nRahmenschieds- und Schlichtungsordnung des \u00d6sterreichischen Rechtsanwaltskammertages (Rahmenschiedsordnung) \n\nDiese Vorschriften sind zug\u00e4nglich: \nauf der Website des \u00d6sterreichischen Rechtsanwaltskammertages unter\n\n<a href=\"http:\/\/www.rechtsanwaelte.at\/www\/getFile.php?id=81&amp;nav=0\">http:\/\/www.rechtsanwaelte.at\/www\/getFile.php?id=81&amp;nav=0 <\/a>\n\nsowie im Rechtsinformationssystem des Bundes unter\n\n<a href=\"http:\/\/www.ris.bka.gv.at\">http:\/\/www.ris.bka.gv.at <\/a>\n\n<strong>Bilder<\/strong>\n\u00a9 Karl Thomas<\/pre>\n","protected":false},"excerpt":{"rendered":"<p>Impressum allgemeine Informationen nach \u00a7 5 Abs. 1 E-Commerce Gesetz (ECG) Mag. Sylvia R\u00f6\u00dfler Mag. Oliver R\u00f6\u00dfler Selbst\u00e4ndige Rechtsanw\u00e4lte in Kooperation Hauptplatz 21 2700 Wiener Neustadt T: +43 (0) 2622\/ 25211 kanzlei@roessler-recht.at www.roessler-recht.at Mag. Sylvia R\u00f6\u00dfler UID: ATU 57333816 Mag. Oliver R\u00f6\u00dfler UID: ATU 55617906 Aufsichtsbeh\u00f6rde Rechtsanwaltskammer Nieder\u00f6sterreich Andreas-Hofer-Stra\u00dfe 6, 3100 St. P\u00f6lten Berufsrechtlich Vorschriften&hellip;<\/p>\n<p class=\"more-link\"><a href=\"https:\/\/www.roessler-recht.at\/wp_test\/?page_id=190\" class=\"themebutton2\">Read More<\/a><\/p>\n","protected":false},"author":1,"featured_media":0,"parent":0,"menu_order":0,"comment_status":"closed","ping_status":"closed","template":"","meta":{"footnotes":""},"categories":[],"tags":[],"class_list":["post-190","page","type-page","status-publish","hentry"],"_links":{"self":[{"href":"https:\/\/www.roessler-recht.at\/wp_test\/index.php?rest_route=\/wp\/v2\/pages\/190","targetHints":{"allow":["GET"]}}],"collection":[{"href":"https:\/\/www.roessler-recht.at\/wp_test\/index.php?rest_route=\/wp\/v2\/pages"}],"about":[{"href":"https:\/\/www.roessler-recht.at\/wp_test\/index.php?rest_route=\/wp\/v2\/types\/page"}],"author":[{"embeddable":true,"href":"https:\/\/www.roessler-recht.at\/wp_test\/index.php?rest_route=\/wp\/v2\/users\/1"}],"replies":[{"embeddable":true,"href":"https:\/\/www.roessler-recht.at\/wp_test\/index.php?rest_route=%2Fwp%2Fv2%2Fcomments&post=190"}],"version-history":[{"count":7,"href":"https:\/\/www.roessler-recht.at\/wp_test\/index.php?rest_route=\/wp\/v2\/pages\/190\/revisions"}],"predecessor-version":[{"id":443,"href":"https:\/\/www.roessler-recht.at\/wp_test\/index.php?rest_route=\/wp\/v2\/pages\/190\/revisions\/443"}],"wp:attachment":[{"href":"https:\/\/www.roessler-recht.at\/wp_test\/index.php?rest_route=%2Fwp%2Fv2%2Fmedia&parent=190"}],"wp:term":[{"taxonomy":"category","embeddable":true,"href":"https:\/\/www.roessler-recht.at\/wp_test\/index.php?rest_route=%2Fwp%2Fv2%2Fcategories&post=190"},{"taxonomy":"post_tag","embeddable":true,"href":"https:\/\/www.roessler-recht.at\/wp_test\/index.php?rest_route=%2Fwp%2Fv2%2Ftags&post=190"}],"curies":[{"name":"wp","href":"https:\/\/api.w.org\/{rel}","templated":true}]}}